{"id":209330,"date":"2018-07-13T07:48:23","date_gmt":"2018-07-13T07:48:23","guid":{"rendered":"https:\/\/www.hotelcourseine.com\/mentions-legales\/"},"modified":"2019-03-22T09:49:27","modified_gmt":"2019-03-22T09:49:27","slug":"legal-notices","status":"publish","type":"page","link":"https:\/\/www.hotelcourseine.com\/en\/legal-notices\/","title":{"rendered":"legal notices"},"content":{"rendered":"<p>[et_pb_section fb_built=&#8221;1&#8243; custom_padding_last_edited=&#8221;on|tablet&#8221; _builder_version=&#8221;3.6&#8243; background_image=&#8221;https:\/\/www.hotelcourseine.com\/wp-content\/uploads\/2018\/07\/fond.png&#8221; background_size=&#8221;contain&#8221; background_repeat=&#8221;repeat&#8221; custom_padding_tablet=&#8221;30px||30px|&#8221;][et_pb_row custom_padding=&#8221;0px||0px|&#8221; custom_css_main_1=&#8221;display: flex;||justify-content: center;&#8221; _builder_version=&#8221;3.6&#8243;][et_pb_column type=&#8221;4_4&#8243; _builder_version=&#8221;3.0.47&#8243; parallax=&#8221;off&#8221; parallax_method=&#8221;on&#8221; custom_css_main=&#8221;display: flex;||justify-content: center;&#8221;][et_pb_text _builder_version=&#8221;3.6&#8243; header_font=&#8221;Raleway||||||||&#8221; header_text_align=&#8221;center&#8221; header_text_color=&#8221;#ffffff&#8221; header_font_size_tablet=&#8221;24px&#8221; header_font_size_last_edited=&#8221;on|tablet&#8221; background_color=&#8221;rgba(47,43,70,0.6)&#8221; custom_padding=&#8221;2em|3em|2em|3em&#8221; custom_css_main_element=&#8221;width: fit-content;&#8221; inline_fonts=&#8221;Raleway&#8221;]<\/p>\n<h1 style=\"text-align: center;\"><strong>LEGAL NOTICES<\/strong>\u00a0| <span style=\"font-family: Raleway; font-weight: 300;\">CourSeine Hotel<\/span><\/h1>\n<p>[\/et_pb_text][\/et_pb_column][\/et_pb_row][\/et_pb_section][et_pb_section fb_built=&#8221;1&#8243; custom_padding_last_edited=&#8221;on|tablet&#8221; _builder_version=&#8221;3.6&#8243; custom_padding_tablet=&#8221;0px||0px|&#8221;][et_pb_row use_custom_width=&#8221;on&#8221; custom_width_px=&#8221;1280px&#8221; use_custom_gutter=&#8221;on&#8221; gutter_width=&#8221;2&#8243; make_equal=&#8221;on&#8221; module_class=&#8221;width-responsive&#8221; _builder_version=&#8221;3.6&#8243;][et_pb_column type=&#8221;1_3&#8243; _builder_version=&#8221;3.0.47&#8243; parallax=&#8221;off&#8221; parallax_method=&#8221;on&#8221;][et_pb_text _builder_version=&#8221;3.6&#8243; text_font=&#8221;Roboto|300|||||||&#8221; text_text_color=&#8221;#000000&#8243; header_2_font=&#8221;Raleway||||||||&#8221; header_2_text_color=&#8221;#2f2b46&#8243; border_width_left=&#8221;5px&#8221; border_color_left=&#8221;#c5bfb3&#8243; custom_padding=&#8221;|||2em&#8221;]<\/p>\n<h2>Owner : H\u00f4tel CourSeine<\/h2>\n<p><b>Publication director :<\/b>\u00a0Mme St\u00e9phanie RUSPINI<\/p>\n<p><b>Phone :<\/b>\u00a0+33(0)1 43 33 57 04<\/p>\n<p><b>Adress :<\/b>\u00a018, Avenue Marceau 92000 Courbevoie &#8211; France<\/p>\n<p><b>SIRET :<\/b>\u00a0N\u00b043435503800010<\/p>\n<p><b>RCS :<\/b>\u00a0Nanterre 434355038<\/p>\n<p><b>N\u00b0 of TVA Intracommunity :<\/b>\u00a0FR09434355038<\/p>\n<p><b>Legal Form :<\/b>\u00a0SAS<\/p>\n<p><b>Capital Social :<\/b>\u00a03.769,00 Euros<br \/>\n[\/et_pb_text][\/et_pb_column][et_pb_column type=&#8221;1_3&#8243; _builder_version=&#8221;3.0.47&#8243; parallax=&#8221;off&#8221; parallax_method=&#8221;on&#8221;][et_pb_text _builder_version=&#8221;3.6&#8243; text_font=&#8221;Roboto|300|||||||&#8221; text_text_color=&#8221;#000000&#8243; header_2_font=&#8221;Raleway||||||||&#8221; header_2_text_color=&#8221;#2f2b46&#8243; border_width_left=&#8221;5px&#8221; border_color_left=&#8221;#c5bfb3&#8243; custom_padding=&#8221;|||2em&#8221;]<\/p>\n<h2 class=\"mentions-item-title\">Creation of the Website : Altelis<\/h2>\n<p><b>Phone :<\/b>\u00a0+33(0)1 85 09 74 06<\/p>\n<p><b>Adress :<\/b> 37, Rue Adam Ledoux 92400 Courbevoie &#8211; France<\/p>\n<p><b>SIRET :<\/b>\u00a0N\u00b080164723100050<\/p>\n<p><b>RCS :<\/b>\u00a0Paris B 801647231<\/p>\n<p><b>N\u00b0 of TVA Intracommunity :<\/b>\u00a0FR44801647231<\/p>\n<p><b>Legal Form :<\/b>\u00a0Soci\u00e9t\u00e9 \u00e0 responsabilit\u00e9 limit\u00e9e<\/p>\n<p><b>Capital Social :<\/b>\u00a0100.000,00 Euros<\/p>\n<p>[\/et_pb_text][\/et_pb_column][et_pb_column type=&#8221;1_3&#8243; _builder_version=&#8221;3.0.47&#8243; parallax=&#8221;off&#8221; parallax_method=&#8221;on&#8221;][et_pb_text _builder_version=&#8221;3.6&#8243; text_font=&#8221;Roboto|300|||||||&#8221; text_text_color=&#8221;#000000&#8243; header_2_font=&#8221;Raleway||||||||&#8221; header_2_text_color=&#8221;#2f2b46&#8243; border_width_left=&#8221;5px&#8221; border_color_left=&#8221;#c5bfb3&#8243; custom_padding=&#8221;|||2em&#8221;]<\/p>\n<h2 class=\"mentions-item-title\">hosting company : OVH<\/h2>\n<p><b>Phone :<\/b>\u00a0+33(0)8 99 70 17 61<\/p>\n<p><b>Adress :<\/b>\u00a02, rue Kellermann\u00a059100 Roubaix \u2013 France<\/p>\n<p><b>SIRET :<\/b>\u00a0N\u00b042476141900045<\/p>\n<p><b>RCS :<\/b>\u00a0Lille Metropole B 424761419<\/p>\n<p><b>N\u00b0 of TVA Intracommunity :<\/b>\u00a0FR22424761419<\/p>\n<p><b>Legal Form :<\/b>\u00a0Soci\u00e9t\u00e9 par actions simplifi\u00e9e<\/p>\n<p><b>Capital Social :<\/b>\u00a010.000.000,00 Euros<br \/>\n[\/et_pb_text][\/et_pb_column][\/et_pb_row][\/et_pb_section][et_pb_section fb_built=&#8221;1&#8243; disabled_on=&#8221;on|on|&#8221; _builder_version=&#8221;3.6&#8243; border_width_top=&#8221;2px&#8221; border_color_top=&#8221;#8f806a&#8221; box_shadow_style=&#8221;preset1&#8243; box_shadow_color=&#8221;rgba(0,0,0,0.2)&#8221; custom_padding=&#8221;0px||0px|&#8221;][et_pb_row use_custom_width=&#8221;on&#8221; custom_width_px=&#8221;1280px&#8221; use_custom_gutter=&#8221;on&#8221; gutter_width=&#8221;2&#8243; custom_padding=&#8221;15px||10px|&#8221; make_equal=&#8221;on&#8221; custom_css_main_1=&#8221;display: flex;||flex-direction: column;||justify-content: center;&#8221; custom_css_main_2=&#8221;display: flex;||flex-direction: column;||justify-content: center;&#8221; custom_css_main_3=&#8221;display: flex;||flex-direction: column;||justify-content: center;&#8221; _builder_version=&#8221;3.6&#8243;][et_pb_column type=&#8221;1_3&#8243; _builder_version=&#8221;3.0.47&#8243; parallax=&#8221;off&#8221; parallax_method=&#8221;on&#8221; custom_css_main=&#8221;display: flex;||flex-direction: column;||justify-content: center;&#8221;][et_pb_blurb title=&#8221;18, Avenue Marceau 92400 Courbevoie&#8221; url=&#8221;\/en\/contact-access&#8221; use_icon=&#8221;on&#8221; font_icon=&#8221;%%249%%&#8221; icon_placement=&#8221;left&#8221; use_icon_font_size=&#8221;on&#8221; icon_font_size=&#8221;14px&#8221; admin_label=&#8221;adresse&#8221; _builder_version=&#8221;3.6&#8243; header_font_size=&#8221;12&#8243; custom_margin=&#8221;0px||-15px|&#8221; custom_css_blurb_image=&#8221;padding-bottom: 0 !important;&#8221;]&nbsp;<br \/>\n[\/et_pb_blurb][et_pb_blurb title=&#8221;+33 (0)1 43 33 57 04&#8243; url=&#8221;tel:0143335704&#8243; use_icon=&#8221;on&#8221; font_icon=&#8221;%%264%%&#8221; icon_placement=&#8221;left&#8221; use_icon_font_size=&#8221;on&#8221; icon_font_size=&#8221;14px&#8221; admin_label=&#8221;t\u00e9l\u00e9phone&#8221; _builder_version=&#8221;3.6&#8243; header_font_size=&#8221;12&#8243; custom_margin=&#8221;||-15px|&#8221; custom_css_blurb_image=&#8221;padding-bottom: 0 !important;&#8221;]&nbsp;<br \/>\n[\/et_pb_blurb][et_pb_blurb title=&#8221;reception@courseine.com&#8221; url=&#8221;mailto:reception@courseine.com&#8221; use_icon=&#8221;on&#8221; font_icon=&#8221;%%238%%&#8221; icon_placement=&#8221;left&#8221; use_icon_font_size=&#8221;on&#8221; icon_font_size=&#8221;14px&#8221; admin_label=&#8221;mail&#8221; _builder_version=&#8221;3.6&#8243; header_font_size=&#8221;12&#8243; custom_margin=&#8221;||-10px|&#8221; custom_css_blurb_image=&#8221;padding-bottom: 0 !important;&#8221;]&nbsp;<br \/>\n[\/et_pb_blurb][\/et_pb_column][et_pb_column type=&#8221;1_3&#8243; _builder_version=&#8221;3.0.47&#8243; parallax=&#8221;off&#8221; parallax_method=&#8221;on&#8221; custom_css_main=&#8221;display: flex;||flex-direction: column;||justify-content: center;&#8221;][et_pb_image src=&#8221;https:\/\/www.hotelcourseine.com\/wp-content\/uploads\/2018\/07\/logo2.png&#8221; url=&#8221;https:\/\/www.hotelcourseine.com\/en\/&#8221; align=&#8221;center&#8221; admin_label=&#8221;logo&#8221; _builder_version=&#8221;3.6&#8243; max_width=&#8221;20%&#8221; module_alignment=&#8221;center&#8221; custom_margin=&#8221;-5px||0px|&#8221;]&nbsp;<br \/>\n[\/et_pb_image][\/et_pb_column][et_pb_column type=&#8221;1_3&#8243; _builder_version=&#8221;3.0.47&#8243; parallax=&#8221;off&#8221; parallax_method=&#8221;on&#8221; custom_css_main=&#8221;display: flex;||flex-direction: column;||justify-content: center;&#8221;][et_pb_text admin_label=&#8221;mentions l\u00e9gales&#8221; _builder_version=&#8221;3.6&#8243; text_font_size=&#8221;12px&#8221; custom_margin=&#8221;-25px||-10px|&#8221;]<\/p>\n<p style=\"text-align: right;\"><a style=\"color: black;\" href=\"\/en\/legal-notices\">Legal notices<\/a>\u00a0 \u00a0|\u00a0 \u00a0\u00a0<span style=\"color: #000000;\">Made by<\/span> <strong><a style=\"color: black;\" href=\"https:\/\/www.altelis.com\/\" target=\"_blank\" rel=\"noopener\">ALTELIS<\/a><\/strong><\/p>\n<p>[\/et_pb_text][\/et_pb_column][\/et_pb_row][\/et_pb_section][et_pb_section fb_built=&#8221;1&#8243; disabled_on=&#8221;off||on&#8221; _builder_version=&#8221;3.6&#8243; border_width_top=&#8221;1px&#8221; border_color_top=&#8221;#c5bfb3&#8243; custom_padding=&#8221;0px||0px|&#8221; custom_css_main_element=&#8221;position: fixed;||bottom: 0;||width: 100%;||z-index: 99;&#8221;][et_pb_row custom_padding=&#8221;10px||5px|&#8221; _builder_version=&#8221;3.6&#8243;][et_pb_column type=&#8221;4_4&#8243; _builder_version=&#8221;3.0.47&#8243; parallax=&#8221;off&#8221; parallax_method=&#8221;on&#8221;][et_pb_text admin_label=&#8221;footer mobile&#8221; _builder_version=&#8221;3.6&#8243;]<a href=\"tel:+33143335704\"><img loading=\"lazy\" decoding=\"async\" class=\"alignnone wp-image-710\" src=\"https:\/\/www.hotelcourseine.com\/wp-content\/uploads\/2018\/07\/phone-receiver-2-1.png\" alt=\"\" width=\"20\" height=\"20\" \/><\/a>\u00a0 \u00a0 \u00a0<a href=\"https:\/\/www.hotelcourseine.com\/en\/contact-access\/\"><img loading=\"lazy\" decoding=\"async\" class=\"alignnone wp-image-709\" src=\"https:\/\/www.hotelcourseine.com\/wp-content\/uploads\/2018\/07\/maps-and-flags-1.png\" alt=\"\" width=\"20\" height=\"20\" \/><\/a>\u00a0 \u00a0 \u00a0<a href=\"mailto:reception@courseine.com\"><img loading=\"lazy\" decoding=\"async\" class=\"alignnone wp-image-708\" src=\"https:\/\/www.hotelcourseine.com\/wp-content\/uploads\/2018\/07\/envelope-2-1.png\" alt=\"\" width=\"20\" height=\"20\" \/><\/a><br \/>\n[\/et_pb_text][\/et_pb_column][\/et_pb_row][\/et_pb_section]<\/p>\n","protected":false},"excerpt":{"rendered":"<p>LEGAL NOTICES\u00a0| CourSeine Hotel Owner : H\u00f4tel CourSeine Publication director :\u00a0Mme St\u00e9phanie RUSPINI Phone :\u00a0+33(0)1 43 33 57 04 Adress :\u00a018, Avenue Marceau 92000 Courbevoie &#8211; France SIRET :\u00a0N\u00b043435503800010 RCS :\u00a0Nanterre 434355038 N\u00b0 of TVA Intracommunity :\u00a0FR09434355038 Legal Form :\u00a0SAS Capital Social :\u00a03.769,00 Euros Creation of the Website : Altelis Phone :\u00a0+33(0)1 85 09 74 [&hellip;]<\/p>\n","protected":false},"author":1,"featured_media":0,"parent":0,"menu_order":0,"comment_status":"closed","ping_status":"closed","template":"","meta":{"_et_pb_use_builder":"on","_et_pb_old_content":"","_et_gb_content_width":"","footnotes":""},"class_list":["post-209330","page","type-page","status-publish","hentry"],"_links":{"self":[{"href":"https:\/\/www.hotelcourseine.com\/en\/wp-json\/wp\/v2\/pages\/209330"}],"collection":[{"href":"https:\/\/www.hotelcourseine.com\/en\/wp-json\/wp\/v2\/pages"}],"about":[{"href":"https:\/\/www.hotelcourseine.com\/en\/wp-json\/wp\/v2\/types\/page"}],"author":[{"embeddable":true,"href":"https:\/\/www.hotelcourseine.com\/en\/wp-json\/wp\/v2\/users\/1"}],"replies":[{"embeddable":true,"href":"https:\/\/www.hotelcourseine.com\/en\/wp-json\/wp\/v2\/comments?post=209330"}],"version-history":[{"count":0,"href":"https:\/\/www.hotelcourseine.com\/en\/wp-json\/wp\/v2\/pages\/209330\/revisions"}],"wp:attachment":[{"href":"https:\/\/www.hotelcourseine.com\/en\/wp-json\/wp\/v2\/media?parent=209330"}],"curies":[{"name":"wp","href":"https:\/\/api.w.org\/{rel}","templated":true}]}}